{"id":2554,"date":"2023-10-17T11:54:23","date_gmt":"2023-10-17T15:54:23","guid":{"rendered":"https:\/\/pawpawdistribution.com\/wholesale-login\/"},"modified":"2023-10-21T12:58:56","modified_gmt":"2023-10-21T16:58:56","slug":"wholesale-login","status":"publish","type":"page","link":"https:\/\/pawpawdistribution.com\/fr\/wholesale-login\/","title":{"rendered":"Wholesale Login"},"content":{"rendered":"<div class=\"woocommerce\">\n\n<div class=\"woocommerce-notices-wrapper\"><\/div>\n\n<div class=\"u-columns col2-set\" id=\"customer_login\">\n\n\t<div class=\"u-column1 col-1\">\n\n\t\t<h2>Connexion<\/h2>\n\n\t\t<form class=\"woocommerce-form woocommerce-form-login login\" method=\"post\" action=\"\">\n\n\t\t\t\n\t\t\t<p class=\"woocommerce-form-row woocommerce-form-row--wide form-row form-row-wide\">\n\t\t\t\t<label for=\"username\">Username or email address&nbsp;<span class=\"required\">*<\/span><\/label>\n\t\t\t\t<input type=\"text\" class=\"woocommerce-Input woocommerce-Input--text input-text\" name=\"username\" id=\"username\" autocomplete=\"username\" value=\"\" \/>\t\t\t<\/p>\n\t\t\t<p class=\"woocommerce-form-row woocommerce-form-row--wide form-row form-row-wide\">\n\t\t\t\t<label for=\"password\">Password&nbsp;<span class=\"required\">*<\/span><\/label>\n\t\t\t\t<input class=\"woocommerce-Input woocommerce-Input--text input-text\" type=\"password\" name=\"password\" id=\"password\" autocomplete=\"current-password\" \/>\n\t\t\t<\/p>\n\n\t\t\t\n\t\t\t<p class=\"form-row\">\n\t\t\t\t<label class=\"woocommerce-form__label woocommerce-form__label-for-checkbox woocommerce-form-login__rememberme\">\n\t\t\t\t\t<input class=\"woocommerce-form__input woocommerce-form__input-checkbox\" name=\"rememberme\" type=\"checkbox\" id=\"rememberme\" value=\"forever\" \/> <span>Remember me<\/span>\n\t\t\t\t<\/label>\n\t\t\t\t<input type=\"hidden\" id=\"wcwp-login-nonce\" name=\"wcwp-login-nonce\" value=\"906bd1d217\" \/><input type=\"hidden\" name=\"_wp_http_referer\" value=\"\/fr\/wp-json\/wp\/v2\/pages\/2554\" \/>\t\t\t\t<button type=\"submit\" class=\"woocommerce-button button woocommerce-form-login__submit\" name=\"login\" value=\"Log in\">Log in<\/button>\n\t\t\t<\/p>\n\t\t\t<p class=\"woocommerce-LostPassword lost_password\">\n\t\t\t\t<a href=\"https:\/\/pawpawdistribution.com\/fr\/my-account\/lost-password\/\">Lost your password?<\/a>\n\t\t\t<\/p>\n\n\t\t\t\n\t\t<input type=\"hidden\" name=\"trp-form-language\" value=\"fr\"\/><\/form>\n\n\n\t<\/div>\n\n\t<div class=\"u-column2 col-2\">\n\n\t\t<h2>Register<\/h2>\n\n\t\t<form method=\"post\" class=\"woocommerce-form woocommerce-form-register register\" action=\"\"  >\n\n\t\t\t\n\t\t\t\n\t\t\t<p class=\"woocommerce-form-row woocommerce-form-row--wide form-row form-row-wide\">\n\t\t\t\t<label for=\"reg_email\">Email address&nbsp;<span class=\"required\">*<\/span><\/label>\n\t\t\t\t<input type=\"email\" class=\"woocommerce-Input woocommerce-Input--text input-text\" name=\"email\" id=\"reg_email\" autocomplete=\"email\" value=\"\" \/>\t\t\t<\/p>\n\n\n\t\t\t<p class=\"form-row validate-required\" id=\"wcwp-652eae9037c92_field\" data-priority=\"\"><label for=\"wcwp-652eae9037c92\" class=\"required_field\">Phone&nbsp;<span class=\"required\" aria-hidden=\"true\">*<\/span><\/label><span class=\"woocommerce-input-wrapper\"><input type=\"text\" class=\"input-text\" name=\"wcwp-652eae9037c92\" id=\"wcwp-652eae9037c92\" placeholder=\"\"  value=\"\" aria-required=\"true\" \/><\/span><\/p><p class=\"form-row validate-required\" id=\"wcwp-652eae9037c95_field\" data-priority=\"\"><label for=\"wcwp-652eae9037c95\" class=\"required_field\">Store Name&nbsp;<span class=\"required\" aria-hidden=\"true\">*<\/span><\/label><span class=\"woocommerce-input-wrapper\"><input type=\"text\" class=\"input-text\" name=\"wcwp-652eae9037c95\" id=\"wcwp-652eae9037c95\" placeholder=\"\"  value=\"\" aria-required=\"true\" \/><\/span><\/p><p class=\"form-row validate-required\" id=\"wcwp-652eae9037c93_field\" data-priority=\"\"><label for=\"wcwp-652eae9037c93\" class=\"required_field\">Person in Charge&nbsp;<span class=\"required\" aria-hidden=\"true\">*<\/span><\/label><span class=\"woocommerce-input-wrapper\"><input type=\"text\" class=\"input-text\" name=\"wcwp-652eae9037c93\" id=\"wcwp-652eae9037c93\" placeholder=\"\"  value=\"\" aria-required=\"true\" \/><\/span><\/p><p class=\"form-row validate-required\" id=\"wcwp-652eae9037c94_field\" data-priority=\"\"><label for=\"wcwp-652eae9037c94\" class=\"required_field\">Address&nbsp;<span class=\"required\" aria-hidden=\"true\">*<\/span><\/label><span class=\"woocommerce-input-wrapper\"><input type=\"text\" class=\"input-text\" name=\"wcwp-652eae9037c94\" id=\"wcwp-652eae9037c94\" placeholder=\"\"  value=\"\" aria-required=\"true\" \/><\/span><\/p><wc-order-attribution-inputs><\/wc-order-attribution-inputs><div class=\"woocommerce-privacy-policy-text\"><p>Vos donn\u00e9es personnelles seront utilis\u00e9es pour faciliter votre exp\u00e9rience sur ce site web, pour g\u00e9rer l'acc\u00e8s \u00e0 votre compte et \u00e0 d'autres fins d\u00e9crites dans notre politique de confidentialit\u00e9. <a href=\"https:\/\/pawpawdistribution.com\/fr\/?page_id=3\" class=\"woocommerce-privacy-policy-link\" target=\"_blank\" data-no-translation=\"\" data-trp-gettext=\"\">Politique de Confidentialit\u00e9<\/a>.<\/p>\n<\/div>\n\n\t\t\t\t\t\t\t<p>A link to set a password will be sent to your email address when your account is approved.<\/p>\n\t\t\t\n\t\t\t<p class=\"woocommerce-FormRow form-row\">\n\t\t\t\t<input type=\"hidden\" id=\"wcwp-register-nonce\" name=\"wcwp-register-nonce\" value=\"3dbf72d7cc\" \/><input type=\"hidden\" name=\"_wp_http_referer\" value=\"\/fr\/wp-json\/wp\/v2\/pages\/2554\" \/>\t\t\t\t<button type=\"submit\" class=\"woocommerce-Button woocommerce-button button woocommerce-form-register__submit\" name=\"register\" value=\"Register\">Register<\/button>\n\t\t\t<\/p>\n\n\t\t\t\n\t\t<input type=\"hidden\" name=\"trp-form-language\" value=\"fr\"\/><\/form>\n\n\t<\/div>\n\n<\/div>\n\n<\/div>","protected":false},"excerpt":{"rendered":"","protected":false},"author":1,"featured_media":0,"parent":0,"menu_order":0,"comment_status":"closed","ping_status":"closed","template":"","meta":{"_monsterinsights_skip_tracking":false,"_monsterinsights_sitenote_active":false,"_monsterinsights_sitenote_note":"","_monsterinsights_sitenote_category":0,"footnotes":""},"class_list":["post-2554","page","type-page","status-publish","hentry"],"jetpack_sharing_enabled":true,"_links":{"self":[{"href":"https:\/\/pawpawdistribution.com\/fr\/wp-json\/wp\/v2\/pages\/2554","targetHints":{"allow":["GET"]}}],"collection":[{"href":"https:\/\/pawpawdistribution.com\/fr\/wp-json\/wp\/v2\/pages"}],"about":[{"href":"https:\/\/pawpawdistribution.com\/fr\/wp-json\/wp\/v2\/types\/page"}],"author":[{"embeddable":true,"href":"https:\/\/pawpawdistribution.com\/fr\/wp-json\/wp\/v2\/users\/1"}],"replies":[{"embeddable":true,"href":"https:\/\/pawpawdistribution.com\/fr\/wp-json\/wp\/v2\/comments?post=2554"}],"version-history":[{"count":0,"href":"https:\/\/pawpawdistribution.com\/fr\/wp-json\/wp\/v2\/pages\/2554\/revisions"}],"wp:attachment":[{"href":"https:\/\/pawpawdistribution.com\/fr\/wp-json\/wp\/v2\/media?parent=2554"}],"curies":[{"name":"wp","href":"https:\/\/api.w.org\/{rel}","templated":true}]}}